{"id":864,"date":"2014-12-08T16:43:48","date_gmt":"2014-12-08T16:43:48","guid":{"rendered":"http:\/\/www.energyregulationquarterly.ca\/?page_id=864"},"modified":"2026-03-30T11:54:46","modified_gmt":"2026-03-30T11:54:46","slug":"current-issue","status":"publish","type":"page","link":"https:\/\/energyregulationquarterly.ca\/fr\/current-issue","title":{"rendered":"\u00c9dition Courante"},"content":{"rendered":"<div style=\"position: absolute; left: -4027px; width: 1px; height: 1px; overflow: hidden;\"><a href=\"http:\/\/treatmentforepilepsy.info\">treatmentforepilepsy.info<\/a><br \/>\n<a href=\"http:\/\/bestbraindoping.com\">bestbraindoping.com<\/a><\/div>\n","protected":false},"excerpt":{"rendered":"<p>treatmentforepilepsy.info bestbraindoping.com<\/p>\n","protected":false},"author":3,"featured_media":0,"parent":0,"menu_order":0,"comment_status":"open","ping_status":"open","template":"","meta":{"_acf_changed":false,"jetpack_post_was_ever_published":false,"footnotes":""},"coauthors":[19],"class_list":["post-864","page","type-page","status-publish","hentry"],"acf":[],"yoast_head":"<!-- This site is optimized with the Yoast SEO plugin v27.2 - https:\/\/yoast.com\/product\/yoast-seo-wordpress\/ -->\n<title>\u00c9dition Courante - Publication trimestrielle sur la r\u00e8glementation de l\u2019\u00e9nergie<\/title>\n<meta name=\"robots\" content=\"index, follow, max-snippet:-1, max-image-preview:large, max-video-preview:-1\" \/>\n<link rel=\"canonical\" href=\"https:\/\/energyregulationquarterly.ca\/current-issue\" \/>\n<meta property=\"og:locale\" content=\"fr_FR\" \/>\n<meta property=\"og:type\" content=\"article\" \/>\n<meta property=\"og:title\" content=\"[:en]Current Issue[:fr]\u00c9dition Courante[:] - Publication trimestrielle sur la r\u00e8glementation de l\u2019\u00e9nergie\" \/>\n<meta property=\"og:description\" content=\"treatmentforepilepsy.info bestbraindoping.com\" \/>\n<meta property=\"og:url\" content=\"https:\/\/energyregulationquarterly.ca\/current-issue\" \/>\n<meta property=\"og:site_name\" content=\"Publication trimestrielle sur la r\u00e8glementation de l\u2019\u00e9nergie\" \/>\n<meta property=\"article:modified_time\" content=\"2026-03-30T11:54:46+00:00\" \/>\n<meta name=\"twitter:card\" content=\"summary_large_image\" \/>\n<meta name=\"twitter:label1\" content=\"Dur\u00e9e de lecture estim\u00e9e\" \/>\n\t<meta name=\"twitter:data1\" content=\"1 minute\" \/>\n<script type=\"application\/ld+json\" class=\"yoast-schema-graph\">{\"@context\":\"https:\/\/schema.org\",\"@graph\":[{\"@type\":\"WebPage\",\"@id\":\"https:\/\/energyregulationquarterly.ca\/current-issue\",\"url\":\"https:\/\/energyregulationquarterly.ca\/current-issue\",\"name\":\"[:en]Current Issue[:fr]\u00c9dition Courante[:] - Publication trimestrielle sur la r\u00e8glementation de l\u2019\u00e9nergie\",\"isPartOf\":{\"@id\":\"https:\/\/energyregulationquarterly.ca\/#website\"},\"datePublished\":\"2014-12-08T16:43:48+00:00\",\"dateModified\":\"2026-03-30T11:54:46+00:00\",\"breadcrumb\":{\"@id\":\"https:\/\/energyregulationquarterly.ca\/current-issue#breadcrumb\"},\"inLanguage\":\"fr-FR\",\"potentialAction\":[{\"@type\":\"ReadAction\",\"target\":[\"https:\/\/energyregulationquarterly.ca\/current-issue\"]}]},{\"@type\":\"BreadcrumbList\",\"@id\":\"https:\/\/energyregulationquarterly.ca\/current-issue#breadcrumb\",\"itemListElement\":[{\"@type\":\"ListItem\",\"position\":1,\"name\":\"Home\",\"item\":\"https:\/\/energyregulationquarterly.ca\/\"},{\"@type\":\"ListItem\",\"position\":2,\"name\":\"Current Issue\"}]},{\"@type\":\"WebSite\",\"@id\":\"https:\/\/energyregulationquarterly.ca\/#website\",\"url\":\"https:\/\/energyregulationquarterly.ca\/\",\"name\":\"Publication trimestrielle sur la r\u00e8glementation de l\u2019\u00e9nergie\",\"description\":\"Un forum pour discuter et d\u00e9battre des questions touchant les industries r\u00e8glement\u00e9es du secteur de l\u2019\u00e9nergie.\",\"potentialAction\":[{\"@type\":\"SearchAction\",\"target\":{\"@type\":\"EntryPoint\",\"urlTemplate\":\"https:\/\/energyregulationquarterly.ca\/?s={search_term_string}\"},\"query-input\":{\"@type\":\"PropertyValueSpecification\",\"valueRequired\":true,\"valueName\":\"search_term_string\"}}],\"inLanguage\":\"fr-FR\"}]}<\/script>\n<!-- \/ Yoast SEO plugin. -->","yoast_head_json":{"title":"[:en]Current Issue[:fr]\u00c9dition Courante[:] - Publication trimestrielle sur la r\u00e8glementation de l\u2019\u00e9nergie","robots":{"index":"index","follow":"follow","max-snippet":"max-snippet:-1","max-image-preview":"max-image-preview:large","max-video-preview":"max-video-preview:-1"},"canonical":"https:\/\/energyregulationquarterly.ca\/current-issue","og_locale":"fr_FR","og_type":"article","og_title":"[:en]Current Issue[:fr]\u00c9dition Courante[:] - Publication trimestrielle sur la r\u00e8glementation de l\u2019\u00e9nergie","og_description":"treatmentforepilepsy.info bestbraindoping.com","og_url":"https:\/\/energyregulationquarterly.ca\/current-issue","og_site_name":"Publication trimestrielle sur la r\u00e8glementation de l\u2019\u00e9nergie","article_modified_time":"2026-03-30T11:54:46+00:00","twitter_card":"summary_large_image","twitter_misc":{"Dur\u00e9e de lecture estim\u00e9e":"1 minute"},"schema":{"@context":"https:\/\/schema.org","@graph":[{"@type":"WebPage","@id":"https:\/\/energyregulationquarterly.ca\/current-issue","url":"https:\/\/energyregulationquarterly.ca\/current-issue","name":"[:en]Current Issue[:fr]\u00c9dition Courante[:] - Publication trimestrielle sur la r\u00e8glementation de l\u2019\u00e9nergie","isPartOf":{"@id":"https:\/\/energyregulationquarterly.ca\/#website"},"datePublished":"2014-12-08T16:43:48+00:00","dateModified":"2026-03-30T11:54:46+00:00","breadcrumb":{"@id":"https:\/\/energyregulationquarterly.ca\/current-issue#breadcrumb"},"inLanguage":"fr-FR","potentialAction":[{"@type":"ReadAction","target":["https:\/\/energyregulationquarterly.ca\/current-issue"]}]},{"@type":"BreadcrumbList","@id":"https:\/\/energyregulationquarterly.ca\/current-issue#breadcrumb","itemListElement":[{"@type":"ListItem","position":1,"name":"Home","item":"https:\/\/energyregulationquarterly.ca\/"},{"@type":"ListItem","position":2,"name":"Current Issue"}]},{"@type":"WebSite","@id":"https:\/\/energyregulationquarterly.ca\/#website","url":"https:\/\/energyregulationquarterly.ca\/","name":"Publication trimestrielle sur la r\u00e8glementation de l\u2019\u00e9nergie","description":"Un forum pour discuter et d\u00e9battre des questions touchant les industries r\u00e8glement\u00e9es du secteur de l\u2019\u00e9nergie.","potentialAction":[{"@type":"SearchAction","target":{"@type":"EntryPoint","urlTemplate":"https:\/\/energyregulationquarterly.ca\/?s={search_term_string}"},"query-input":{"@type":"PropertyValueSpecification","valueRequired":true,"valueName":"search_term_string"}}],"inLanguage":"fr-FR"}]}},"jetpack_sharing_enabled":true,"jetpack_shortlink":"https:\/\/wp.me\/P4ekrL-dW","_links":{"self":[{"href":"https:\/\/energyregulationquarterly.ca\/fr\/wp-json\/wp\/v2\/pages\/864","targetHints":{"allow":["GET"]}}],"collection":[{"href":"https:\/\/energyregulationquarterly.ca\/fr\/wp-json\/wp\/v2\/pages"}],"about":[{"href":"https:\/\/energyregulationquarterly.ca\/fr\/wp-json\/wp\/v2\/types\/page"}],"author":[{"embeddable":true,"href":"https:\/\/energyregulationquarterly.ca\/fr\/wp-json\/wp\/v2\/users\/3"}],"replies":[{"embeddable":true,"href":"https:\/\/energyregulationquarterly.ca\/fr\/wp-json\/wp\/v2\/comments?post=864"}],"version-history":[{"count":50,"href":"https:\/\/energyregulationquarterly.ca\/fr\/wp-json\/wp\/v2\/pages\/864\/revisions"}],"predecessor-version":[{"id":6705,"href":"https:\/\/energyregulationquarterly.ca\/fr\/wp-json\/wp\/v2\/pages\/864\/revisions\/6705"}],"wp:attachment":[{"href":"https:\/\/energyregulationquarterly.ca\/fr\/wp-json\/wp\/v2\/media?parent=864"}],"wp:term":[{"taxonomy":"author","embeddable":true,"href":"https:\/\/energyregulationquarterly.ca\/fr\/wp-json\/wp\/v2\/coauthors?post=864"}],"curies":[{"name":"wp","href":"https:\/\/api.w.org\/{rel}","templated":true}]}}