{"id":45,"date":"2013-07-03T15:31:00","date_gmt":"2013-07-03T15:31:00","guid":{"rendered":"http:\/\/www.energyregulationquarterly.ca\/?page_id=45"},"modified":"2024-01-04T15:22:21","modified_gmt":"2024-01-04T15:22:21","slug":"mission-statement","status":"publish","type":"page","link":"https:\/\/energyregulationquarterly.ca\/fr\/about-erq\/mission-statement","title":{"rendered":"\u00c9NONC\u00c9 DE MISSION"},"content":{"rendered":"<p>La mission de la publication trimestrielle sur la r\u00e9glementation de l\u2019\u00e9nergie consiste \u00e0 offrir une tribune pour des d\u00e9bats et des discussions sur des questions concernant les industries r\u00e9glement\u00e9es du secteur \u00e9nerg\u00e9tique au Canada, notamment des d\u00e9cisions de tribunaux de r\u00e9glementation, des actions l\u00e9gislatives et politiques associ\u00e9es, ainsi que des initiatives et des mesures adopt\u00e9es par des soci\u00e9t\u00e9s r\u00e9glement\u00e9es et des intervenants. Le r\u00f4le de cette publication est de fournir des analyses et le contexte qui vont au-del\u00e0 des d\u00e9veloppements quotidiens. Cette publication se veut \u00e9quilibr\u00e9e par rapport au traitement des diff\u00e9rents dossiers. Les auteurs sont tir\u00e9s d\u2019une liste de personnes aux ant\u00e9c\u00e9dents vari\u00e9s, reconnues comme des chefs de file dans le domaine des industries \u00e9nerg\u00e9tiques r\u00e9glement\u00e9es. D\u2019autres auteurs sont invit\u00e9s, de temps \u00e0 autre, \u00e0 soumettre des contributions par les r\u00e9dacteurs en chef.<\/p>","protected":false},"excerpt":{"rendered":"<p>La mission de la publication trimestrielle sur la r\u00e9glementation de l\u2019\u00e9nergie consiste \u00e0 offrir une tribune pour des d\u00e9bats et des discussions sur des questions concernant les industries r\u00e9glement\u00e9es du secteur \u00e9nerg\u00e9tique au Canada, notamment des d\u00e9cisions de tribunaux de [&hellip;]<\/p>\n","protected":false},"author":2,"featured_media":0,"parent":10,"menu_order":0,"comment_status":"open","ping_status":"open","template":"","meta":{"_acf_changed":false,"jetpack_post_was_ever_published":false,"footnotes":""},"coauthors":[28],"class_list":["post-45","page","type-page","status-publish","hentry"],"acf":[],"yoast_head":"<!-- This site is optimized with the Yoast SEO plugin v27.4 - https:\/\/yoast.com\/product\/yoast-seo-wordpress\/ -->\n<title>\u00c9NONC\u00c9 DE MISSION - Publication trimestrielle sur la r\u00e8glementation de l\u2019\u00e9nergie<\/title>\n<meta name=\"robots\" content=\"index, follow, max-snippet:-1, max-image-preview:large, max-video-preview:-1\" \/>\n<link rel=\"canonical\" href=\"https:\/\/energyregulationquarterly.ca\/about-erq\/mission-statement\" \/>\n<meta property=\"og:locale\" content=\"fr_FR\" \/>\n<meta property=\"og:type\" content=\"article\" \/>\n<meta property=\"og:title\" content=\"[:en]MISSION STATEMENT[:fr]\u00c9NONC\u00c9 DE MISSION[:] - Publication trimestrielle sur la r\u00e8glementation de l\u2019\u00e9nergie\" \/>\n<meta property=\"og:description\" content=\"La mission de la publication trimestrielle sur la r\u00e9glementation de l\u2019\u00e9nergie consiste \u00e0 offrir une tribune pour des d\u00e9bats et des discussions sur des questions concernant les industries r\u00e9glement\u00e9es du secteur \u00e9nerg\u00e9tique au Canada, notamment des d\u00e9cisions de tribunaux de [&hellip;]\" \/>\n<meta property=\"og:url\" content=\"https:\/\/energyregulationquarterly.ca\/about-erq\/mission-statement\" \/>\n<meta property=\"og:site_name\" content=\"Publication trimestrielle sur la r\u00e8glementation de l\u2019\u00e9nergie\" \/>\n<meta property=\"article:modified_time\" content=\"2024-01-04T15:22:21+00:00\" \/>\n<meta name=\"twitter:card\" content=\"summary_large_image\" \/>\n<meta name=\"twitter:label1\" content=\"Dur\u00e9e de lecture estim\u00e9e\" \/>\n\t<meta name=\"twitter:data1\" content=\"1 minute\" \/>\n\t<meta name=\"twitter:label2\" content=\"Written by\" \/>\n\t<meta name=\"twitter:data2\" content=\"Article Author\" \/>\n<script type=\"application\/ld+json\" class=\"yoast-schema-graph\">{\"@context\":\"https:\\\/\\\/schema.org\",\"@graph\":[{\"@type\":\"WebPage\",\"@id\":\"https:\\\/\\\/energyregulationquarterly.ca\\\/about-erq\\\/mission-statement\",\"url\":\"https:\\\/\\\/energyregulationquarterly.ca\\\/about-erq\\\/mission-statement\",\"name\":\"[:en]MISSION STATEMENT[:fr]\u00c9NONC\u00c9 DE MISSION[:] - Publication trimestrielle sur la r\u00e8glementation de l\u2019\u00e9nergie\",\"isPartOf\":{\"@id\":\"https:\\\/\\\/energyregulationquarterly.ca\\\/#website\"},\"datePublished\":\"2013-07-03T15:31:00+00:00\",\"dateModified\":\"2024-01-04T15:22:21+00:00\",\"breadcrumb\":{\"@id\":\"https:\\\/\\\/energyregulationquarterly.ca\\\/about-erq\\\/mission-statement#breadcrumb\"},\"inLanguage\":\"fr-FR\",\"potentialAction\":[{\"@type\":\"ReadAction\",\"target\":[\"https:\\\/\\\/energyregulationquarterly.ca\\\/about-erq\\\/mission-statement\"]}]},{\"@type\":\"BreadcrumbList\",\"@id\":\"https:\\\/\\\/energyregulationquarterly.ca\\\/about-erq\\\/mission-statement#breadcrumb\",\"itemListElement\":[{\"@type\":\"ListItem\",\"position\":1,\"name\":\"Home\",\"item\":\"https:\\\/\\\/energyregulationquarterly.ca\\\/\"},{\"@type\":\"ListItem\",\"position\":2,\"name\":\"About ERQ\",\"item\":\"https:\\\/\\\/energyregulationquarterly.ca\\\/about-erq\"},{\"@type\":\"ListItem\",\"position\":3,\"name\":\"MISSION STATEMENT\"}]},{\"@type\":\"WebSite\",\"@id\":\"https:\\\/\\\/energyregulationquarterly.ca\\\/#website\",\"url\":\"https:\\\/\\\/energyregulationquarterly.ca\\\/\",\"name\":\"Publication trimestrielle sur la r\u00e8glementation de l\u2019\u00e9nergie\",\"description\":\"Un forum pour discuter et d\u00e9battre des questions touchant les industries r\u00e8glement\u00e9es du secteur de l\u2019\u00e9nergie.\",\"potentialAction\":[{\"@type\":\"SearchAction\",\"target\":{\"@type\":\"EntryPoint\",\"urlTemplate\":\"https:\\\/\\\/energyregulationquarterly.ca\\\/?s={search_term_string}\"},\"query-input\":{\"@type\":\"PropertyValueSpecification\",\"valueRequired\":true,\"valueName\":\"search_term_string\"}}],\"inLanguage\":\"fr-FR\"}]}<\/script>\n<!-- \/ Yoast SEO plugin. -->","yoast_head_json":{"title":"[:en]MISSION STATEMENT[:fr]\u00c9NONC\u00c9 DE MISSION[:] - Publication trimestrielle sur la r\u00e8glementation de l\u2019\u00e9nergie","robots":{"index":"index","follow":"follow","max-snippet":"max-snippet:-1","max-image-preview":"max-image-preview:large","max-video-preview":"max-video-preview:-1"},"canonical":"https:\/\/energyregulationquarterly.ca\/about-erq\/mission-statement","og_locale":"fr_FR","og_type":"article","og_title":"[:en]MISSION STATEMENT[:fr]\u00c9NONC\u00c9 DE MISSION[:] - Publication trimestrielle sur la r\u00e8glementation de l\u2019\u00e9nergie","og_description":"La mission de la publication trimestrielle sur la r\u00e9glementation de l\u2019\u00e9nergie consiste \u00e0 offrir une tribune pour des d\u00e9bats et des discussions sur des questions concernant les industries r\u00e9glement\u00e9es du secteur \u00e9nerg\u00e9tique au Canada, notamment des d\u00e9cisions de tribunaux de [&hellip;]","og_url":"https:\/\/energyregulationquarterly.ca\/about-erq\/mission-statement","og_site_name":"Publication trimestrielle sur la r\u00e8glementation de l\u2019\u00e9nergie","article_modified_time":"2024-01-04T15:22:21+00:00","twitter_card":"summary_large_image","twitter_misc":{"Dur\u00e9e de lecture estim\u00e9e":"1 minute","Written by":"Article Author"},"schema":{"@context":"https:\/\/schema.org","@graph":[{"@type":"WebPage","@id":"https:\/\/energyregulationquarterly.ca\/about-erq\/mission-statement","url":"https:\/\/energyregulationquarterly.ca\/about-erq\/mission-statement","name":"[:en]MISSION STATEMENT[:fr]\u00c9NONC\u00c9 DE MISSION[:] - Publication trimestrielle sur la r\u00e8glementation de l\u2019\u00e9nergie","isPartOf":{"@id":"https:\/\/energyregulationquarterly.ca\/#website"},"datePublished":"2013-07-03T15:31:00+00:00","dateModified":"2024-01-04T15:22:21+00:00","breadcrumb":{"@id":"https:\/\/energyregulationquarterly.ca\/about-erq\/mission-statement#breadcrumb"},"inLanguage":"fr-FR","potentialAction":[{"@type":"ReadAction","target":["https:\/\/energyregulationquarterly.ca\/about-erq\/mission-statement"]}]},{"@type":"BreadcrumbList","@id":"https:\/\/energyregulationquarterly.ca\/about-erq\/mission-statement#breadcrumb","itemListElement":[{"@type":"ListItem","position":1,"name":"Home","item":"https:\/\/energyregulationquarterly.ca\/"},{"@type":"ListItem","position":2,"name":"About ERQ","item":"https:\/\/energyregulationquarterly.ca\/about-erq"},{"@type":"ListItem","position":3,"name":"MISSION STATEMENT"}]},{"@type":"WebSite","@id":"https:\/\/energyregulationquarterly.ca\/#website","url":"https:\/\/energyregulationquarterly.ca\/","name":"Publication trimestrielle sur la r\u00e8glementation de l\u2019\u00e9nergie","description":"Un forum pour discuter et d\u00e9battre des questions touchant les industries r\u00e8glement\u00e9es du secteur de l\u2019\u00e9nergie.","potentialAction":[{"@type":"SearchAction","target":{"@type":"EntryPoint","urlTemplate":"https:\/\/energyregulationquarterly.ca\/?s={search_term_string}"},"query-input":{"@type":"PropertyValueSpecification","valueRequired":true,"valueName":"search_term_string"}}],"inLanguage":"fr-FR"}]}},"jetpack_sharing_enabled":true,"jetpack_shortlink":"https:\/\/wp.me\/P4ekrL-J","_links":{"self":[{"href":"https:\/\/energyregulationquarterly.ca\/fr\/wp-json\/wp\/v2\/pages\/45","targetHints":{"allow":["GET"]}}],"collection":[{"href":"https:\/\/energyregulationquarterly.ca\/fr\/wp-json\/wp\/v2\/pages"}],"about":[{"href":"https:\/\/energyregulationquarterly.ca\/fr\/wp-json\/wp\/v2\/types\/page"}],"author":[{"embeddable":true,"href":"https:\/\/energyregulationquarterly.ca\/fr\/wp-json\/wp\/v2\/users\/2"}],"replies":[{"embeddable":true,"href":"https:\/\/energyregulationquarterly.ca\/fr\/wp-json\/wp\/v2\/comments?post=45"}],"version-history":[{"count":4,"href":"https:\/\/energyregulationquarterly.ca\/fr\/wp-json\/wp\/v2\/pages\/45\/revisions"}],"predecessor-version":[{"id":4865,"href":"https:\/\/energyregulationquarterly.ca\/fr\/wp-json\/wp\/v2\/pages\/45\/revisions\/4865"}],"up":[{"embeddable":true,"href":"https:\/\/energyregulationquarterly.ca\/fr\/wp-json\/wp\/v2\/pages\/10"}],"wp:attachment":[{"href":"https:\/\/energyregulationquarterly.ca\/fr\/wp-json\/wp\/v2\/media?parent=45"}],"wp:term":[{"taxonomy":"author","embeddable":true,"href":"https:\/\/energyregulationquarterly.ca\/fr\/wp-json\/wp\/v2\/coauthors?post=45"}],"curies":[{"name":"wp","href":"https:\/\/api.w.org\/{rel}","templated":true}]}}