{"id":2618,"date":"2019-10-01T19:31:10","date_gmt":"2019-10-01T19:31:10","guid":{"rendered":"http:\/\/www.energyregulationquarterly.ca\/?page_id=2618"},"modified":"2019-10-02T13:40:11","modified_gmt":"2019-10-02T13:40:11","slug":"chairs-interviews-series","status":"publish","type":"page","link":"https:\/\/energyregulationquarterly.ca\/fr\/chairs-interviews-series","title":{"rendered":"S\u00e9rie d&rsquo;entrevues avec les presidents"},"content":{"rendered":"","protected":false},"excerpt":{"rendered":"","protected":false},"author":8,"featured_media":0,"parent":0,"menu_order":0,"comment_status":"closed","ping_status":"closed","template":"page-interviewSeries.php","meta":{"_acf_changed":false,"jetpack_post_was_ever_published":false,"footnotes":""},"coauthors":[105,286],"class_list":["post-2618","page","type-page","status-publish","hentry"],"acf":[],"yoast_head":"<!-- This site is optimized with the Yoast SEO plugin v27.2 - https:\/\/yoast.com\/product\/yoast-seo-wordpress\/ -->\n<title>S\u00e9rie d&#039;entrevues avec les presidents - Publication trimestrielle sur la r\u00e8glementation de l\u2019\u00e9nergie<\/title>\n<meta name=\"robots\" content=\"noindex, nofollow\" \/>\n<meta property=\"og:locale\" content=\"fr_FR\" \/>\n<meta property=\"og:type\" content=\"article\" \/>\n<meta property=\"og:title\" content=\"[:en]Chairs Interviews\u2019 Series[:fr]S\u00e9rie d&#039;entrevues avec les presidents[:] - Publication trimestrielle sur la r\u00e8glementation de l\u2019\u00e9nergie\" \/>\n<meta property=\"og:url\" content=\"https:\/\/energyregulationquarterly.ca\/chairs-interviews-series\" \/>\n<meta property=\"og:site_name\" content=\"Publication trimestrielle sur la r\u00e8glementation de l\u2019\u00e9nergie\" \/>\n<meta property=\"article:modified_time\" content=\"2019-10-02T13:40:11+00:00\" \/>\n<meta name=\"twitter:card\" content=\"summary_large_image\" \/>\n<meta name=\"twitter:label1\" content=\"Written by\" \/>\n\t<meta name=\"twitter:data1\" content=\"cga editor\" \/>\n<script type=\"application\/ld+json\" class=\"yoast-schema-graph\">{\"@context\":\"https:\/\/schema.org\",\"@graph\":[{\"@type\":\"WebPage\",\"@id\":\"https:\/\/energyregulationquarterly.ca\/chairs-interviews-series\",\"url\":\"https:\/\/energyregulationquarterly.ca\/chairs-interviews-series\",\"name\":\"[:en]Chairs Interviews\u2019 Series[:fr]S\u00e9rie d'entrevues avec les presidents[:] - Publication trimestrielle sur la r\u00e8glementation de l\u2019\u00e9nergie\",\"isPartOf\":{\"@id\":\"https:\/\/energyregulationquarterly.ca\/#website\"},\"datePublished\":\"2019-10-01T19:31:10+00:00\",\"dateModified\":\"2019-10-02T13:40:11+00:00\",\"breadcrumb\":{\"@id\":\"https:\/\/energyregulationquarterly.ca\/chairs-interviews-series#breadcrumb\"},\"inLanguage\":\"fr-FR\",\"potentialAction\":[{\"@type\":\"ReadAction\",\"target\":[\"https:\/\/energyregulationquarterly.ca\/chairs-interviews-series\"]}]},{\"@type\":\"BreadcrumbList\",\"@id\":\"https:\/\/energyregulationquarterly.ca\/chairs-interviews-series#breadcrumb\",\"itemListElement\":[{\"@type\":\"ListItem\",\"position\":1,\"name\":\"Home\",\"item\":\"https:\/\/energyregulationquarterly.ca\/\"},{\"@type\":\"ListItem\",\"position\":2,\"name\":\"Chairs Interviews\u2019 Series\"}]},{\"@type\":\"WebSite\",\"@id\":\"https:\/\/energyregulationquarterly.ca\/#website\",\"url\":\"https:\/\/energyregulationquarterly.ca\/\",\"name\":\"Publication trimestrielle sur la r\u00e8glementation de l\u2019\u00e9nergie\",\"description\":\"Un forum pour discuter et d\u00e9battre des questions touchant les industries r\u00e8glement\u00e9es du secteur de l\u2019\u00e9nergie.\",\"potentialAction\":[{\"@type\":\"SearchAction\",\"target\":{\"@type\":\"EntryPoint\",\"urlTemplate\":\"https:\/\/energyregulationquarterly.ca\/?s={search_term_string}\"},\"query-input\":{\"@type\":\"PropertyValueSpecification\",\"valueRequired\":true,\"valueName\":\"search_term_string\"}}],\"inLanguage\":\"fr-FR\"}]}<\/script>\n<!-- \/ Yoast SEO plugin. -->","yoast_head_json":{"title":"[:en]Chairs Interviews\u2019 Series[:fr]S\u00e9rie d'entrevues avec les presidents[:] - Publication trimestrielle sur la r\u00e8glementation de l\u2019\u00e9nergie","robots":{"index":"noindex","follow":"nofollow"},"og_locale":"fr_FR","og_type":"article","og_title":"[:en]Chairs Interviews\u2019 Series[:fr]S\u00e9rie d'entrevues avec les presidents[:] - Publication trimestrielle sur la r\u00e8glementation de l\u2019\u00e9nergie","og_url":"https:\/\/energyregulationquarterly.ca\/chairs-interviews-series","og_site_name":"Publication trimestrielle sur la r\u00e8glementation de l\u2019\u00e9nergie","article_modified_time":"2019-10-02T13:40:11+00:00","twitter_card":"summary_large_image","twitter_misc":{"Written by":"cga editor"},"schema":{"@context":"https:\/\/schema.org","@graph":[{"@type":"WebPage","@id":"https:\/\/energyregulationquarterly.ca\/chairs-interviews-series","url":"https:\/\/energyregulationquarterly.ca\/chairs-interviews-series","name":"[:en]Chairs Interviews\u2019 Series[:fr]S\u00e9rie d'entrevues avec les presidents[:] - Publication trimestrielle sur la r\u00e8glementation de l\u2019\u00e9nergie","isPartOf":{"@id":"https:\/\/energyregulationquarterly.ca\/#website"},"datePublished":"2019-10-01T19:31:10+00:00","dateModified":"2019-10-02T13:40:11+00:00","breadcrumb":{"@id":"https:\/\/energyregulationquarterly.ca\/chairs-interviews-series#breadcrumb"},"inLanguage":"fr-FR","potentialAction":[{"@type":"ReadAction","target":["https:\/\/energyregulationquarterly.ca\/chairs-interviews-series"]}]},{"@type":"BreadcrumbList","@id":"https:\/\/energyregulationquarterly.ca\/chairs-interviews-series#breadcrumb","itemListElement":[{"@type":"ListItem","position":1,"name":"Home","item":"https:\/\/energyregulationquarterly.ca\/"},{"@type":"ListItem","position":2,"name":"Chairs Interviews\u2019 Series"}]},{"@type":"WebSite","@id":"https:\/\/energyregulationquarterly.ca\/#website","url":"https:\/\/energyregulationquarterly.ca\/","name":"Publication trimestrielle sur la r\u00e8glementation de l\u2019\u00e9nergie","description":"Un forum pour discuter et d\u00e9battre des questions touchant les industries r\u00e8glement\u00e9es du secteur de l\u2019\u00e9nergie.","potentialAction":[{"@type":"SearchAction","target":{"@type":"EntryPoint","urlTemplate":"https:\/\/energyregulationquarterly.ca\/?s={search_term_string}"},"query-input":{"@type":"PropertyValueSpecification","valueRequired":true,"valueName":"search_term_string"}}],"inLanguage":"fr-FR"}]}},"jetpack_sharing_enabled":true,"jetpack_shortlink":"https:\/\/wp.me\/P4ekrL-Ge","_links":{"self":[{"href":"https:\/\/energyregulationquarterly.ca\/fr\/wp-json\/wp\/v2\/pages\/2618","targetHints":{"allow":["GET"]}}],"collection":[{"href":"https:\/\/energyregulationquarterly.ca\/fr\/wp-json\/wp\/v2\/pages"}],"about":[{"href":"https:\/\/energyregulationquarterly.ca\/fr\/wp-json\/wp\/v2\/types\/page"}],"author":[{"embeddable":true,"href":"https:\/\/energyregulationquarterly.ca\/fr\/wp-json\/wp\/v2\/users\/8"}],"replies":[{"embeddable":true,"href":"https:\/\/energyregulationquarterly.ca\/fr\/wp-json\/wp\/v2\/comments?post=2618"}],"version-history":[{"count":6,"href":"https:\/\/energyregulationquarterly.ca\/fr\/wp-json\/wp\/v2\/pages\/2618\/revisions"}],"predecessor-version":[{"id":2631,"href":"https:\/\/energyregulationquarterly.ca\/fr\/wp-json\/wp\/v2\/pages\/2618\/revisions\/2631"}],"wp:attachment":[{"href":"https:\/\/energyregulationquarterly.ca\/fr\/wp-json\/wp\/v2\/media?parent=2618"}],"wp:term":[{"taxonomy":"author","embeddable":true,"href":"https:\/\/energyregulationquarterly.ca\/fr\/wp-json\/wp\/v2\/coauthors?post=2618"}],"curies":[{"name":"wp","href":"https:\/\/api.w.org\/{rel}","templated":true}]}}