{"id":134,"date":"2013-11-14T21:34:54","date_gmt":"2013-11-14T21:34:54","guid":{"rendered":"http:\/\/www.energyregulationquarterly.ca\/?page_id=134"},"modified":"2026-03-30T11:55:55","modified_gmt":"2026-03-30T11:55:55","slug":"roster-of-contributors-2","status":"publish","type":"page","link":"https:\/\/energyregulationquarterly.ca\/fr\/about-erq\/roster-of-contributors-2","title":{"rendered":"COLLABORATEURS"},"content":{"rendered":"<p><\/p>\n<h2>Supporters<\/h2>\n<p><strong>L\u2019Honorable David M. Brown<\/strong>, BA, JD, LLM, Juge, Court d\u2019appel de l\u2019Ontario<\/p>\n<p><strong>Rowland J. Harrison<\/strong>, c.r., LLB, LLM, Conseiller en r\u00e8glementation de l\u2019\u00e9nergie, Calgary<\/p>\n<p><strong>Scott<\/strong> <strong>Hempling<\/strong>, BA, JD, Professeur adjoint, Georgetown University Law Center<\/p>\n<p><strong>Mark A. Jamison<\/strong>, BSc, MSc, PhD, Director, Public Utility Research Center, University of Florida<\/p>\n<p><strong>William Lahey<\/strong>, BA, LLM, Professeur, Schulich School of Law, Dalhousie University<\/p>\n<p><strong>Peter<\/strong> <strong>Ostergaard<\/strong>, BA, MA, Ancien pr\u00e9sident, BC Utilities Commission, Vancouver<\/p>\n<p><strong>Dr. Andr\u00e9 Plourde<\/strong>, BA, MA, PhD, Professor, Doyen, Faculty of Public Affairs, Carleton University<\/p>\n<p><strong>Mark<\/strong> <strong>Rodger<\/strong>, BA, LLB, Associ\u00e9 senior, Borden Ladner Gervais LLP, Toronto<\/p>\n<p><strong>Lawrence E. Smith, c.r., <\/strong>BA, LLB, MA, Associ\u00e9, Bennett Jones, Calgary<\/p>\n<p><strong>C. Kemm Yates<\/strong>, K.C., BA, JD, Partner, Blakes, Calgary<\/p>\n<h2>Collaborateurs 2026<\/h2>\n<p><strong>David P. Brown<\/strong>, BS, MA, PhD, Professeur, Chaire de recherche du Canada, Universit\u00e9 de l\u2019Alberta, D\u00e9partement d\u2019\u00e9conomie<\/p>\n<p><strong>Brendan Callery<\/strong>, BSc, Directeur principal pour l\u2019Est du Canada, Power Advisory LLC<\/p>\n<p><strong>Kenneth Costello<\/strong>, BSc, MA, \u00c9conomiste r\u00e9glementaire et consultant ind\u00e9pendant<\/p>\n<p><strong>Paul Daly<\/strong>, LLM, PhD, Professeur, Titulaire de la Chaire en droit administratif et gouvernance, Universit\u00e9 d\u2019Ottawa, Ottawa<\/p>\n<p><strong>Travis Kavulla<\/strong>, BA, MA.Phil., Responsable des politiques, Base Power Company ; Charg\u00e9 de cours, Harris School of Public Policy, Universit\u00e9 de Chicago ; ancien pr\u00e9sident, Montana Public Service Commission ; ancien pr\u00e9sident, National Association of Regulatory Utility Commissioners<\/p>\n<p><strong>David Morton<\/strong>, BSc, ing., ancien pr\u00e9sident-directeur g\u00e9n\u00e9ral, British Columbia Utilities Commission<\/p>\n<p><strong>Tamara (Baldhead) Pearl<\/strong>, BA, JD, LLM, candidate au doctorat, Professeure adjointe, Universit\u00e9 de l\u2019Alberta<\/p>\n<p><strong>Kevin Thompson<\/strong>, BA, Responsable des affaires r\u00e9glementaires, NRG Energy<\/p>\n<p><strong>Brady Yauch<\/strong>, MA, MSc, Directeur, March\u00e9s et r\u00e9glementation, Power Advisory LLC<\/p>","protected":false},"excerpt":{"rendered":"<p>Supporters L\u2019Honorable David M. Brown, BA, JD, LLM, Juge, Court d\u2019appel de l\u2019Ontario Rowland J. Harrison, c.r., LLB, LLM, Conseiller en r\u00e8glementation de l\u2019\u00e9nergie, Calgary Scott Hempling, BA, JD, Professeur adjoint, Georgetown University Law Center Mark A. Jamison, BSc, MSc, [&hellip;]<\/p>\n","protected":false},"author":8,"featured_media":0,"parent":10,"menu_order":0,"comment_status":"open","ping_status":"open","template":"","meta":{"_acf_changed":false,"jetpack_post_was_ever_published":false,"footnotes":""},"coauthors":[286],"class_list":["post-134","page","type-page","status-publish","hentry"],"acf":[],"yoast_head":"<!-- This site is optimized with the Yoast SEO plugin v27.4 - https:\/\/yoast.com\/product\/yoast-seo-wordpress\/ -->\n<title>COLLABORATEURS - Publication trimestrielle sur la r\u00e8glementation de l\u2019\u00e9nergie<\/title>\n<meta name=\"robots\" content=\"index, follow, max-snippet:-1, max-image-preview:large, max-video-preview:-1\" \/>\n<link rel=\"canonical\" href=\"https:\/\/energyregulationquarterly.ca\/about-erq\/roster-of-contributors-2\" \/>\n<meta property=\"og:locale\" content=\"fr_FR\" \/>\n<meta property=\"og:type\" content=\"article\" \/>\n<meta property=\"og:title\" content=\"[:en]ROSTER OF CONTRIBUTORS[:fr]COLLABORATEURS[:] - Publication trimestrielle sur la r\u00e8glementation de l\u2019\u00e9nergie\" \/>\n<meta property=\"og:description\" content=\"Supporters L\u2019Honorable David M. Brown, BA, JD, LLM, Juge, Court d\u2019appel de l\u2019Ontario Rowland J. Harrison, c.r., LLB, LLM, Conseiller en r\u00e8glementation de l\u2019\u00e9nergie, Calgary Scott Hempling, BA, JD, Professeur adjoint, Georgetown University Law Center Mark A. Jamison, BSc, MSc, [&hellip;]\" \/>\n<meta property=\"og:url\" content=\"https:\/\/energyregulationquarterly.ca\/about-erq\/roster-of-contributors-2\" \/>\n<meta property=\"og:site_name\" content=\"Publication trimestrielle sur la r\u00e8glementation de l\u2019\u00e9nergie\" \/>\n<meta property=\"article:modified_time\" content=\"2026-03-30T11:55:55+00:00\" \/>\n<meta name=\"twitter:card\" content=\"summary_large_image\" \/>\n<meta name=\"twitter:label1\" content=\"Dur\u00e9e de lecture estim\u00e9e\" \/>\n\t<meta name=\"twitter:data1\" content=\"2 minutes\" \/>\n\t<meta name=\"twitter:label2\" content=\"Written by\" \/>\n\t<meta name=\"twitter:data2\" content=\"cga editor\" \/>\n<script type=\"application\/ld+json\" class=\"yoast-schema-graph\">{\"@context\":\"https:\\\/\\\/schema.org\",\"@graph\":[{\"@type\":\"WebPage\",\"@id\":\"https:\\\/\\\/energyregulationquarterly.ca\\\/about-erq\\\/roster-of-contributors-2\",\"url\":\"https:\\\/\\\/energyregulationquarterly.ca\\\/about-erq\\\/roster-of-contributors-2\",\"name\":\"[:en]ROSTER OF CONTRIBUTORS[:fr]COLLABORATEURS[:] - Publication trimestrielle sur la r\u00e8glementation de l\u2019\u00e9nergie\",\"isPartOf\":{\"@id\":\"https:\\\/\\\/energyregulationquarterly.ca\\\/#website\"},\"datePublished\":\"2013-11-14T21:34:54+00:00\",\"dateModified\":\"2026-03-30T11:55:55+00:00\",\"breadcrumb\":{\"@id\":\"https:\\\/\\\/energyregulationquarterly.ca\\\/about-erq\\\/roster-of-contributors-2#breadcrumb\"},\"inLanguage\":\"fr-FR\",\"potentialAction\":[{\"@type\":\"ReadAction\",\"target\":[\"https:\\\/\\\/energyregulationquarterly.ca\\\/about-erq\\\/roster-of-contributors-2\"]}]},{\"@type\":\"BreadcrumbList\",\"@id\":\"https:\\\/\\\/energyregulationquarterly.ca\\\/about-erq\\\/roster-of-contributors-2#breadcrumb\",\"itemListElement\":[{\"@type\":\"ListItem\",\"position\":1,\"name\":\"Home\",\"item\":\"https:\\\/\\\/energyregulationquarterly.ca\\\/\"},{\"@type\":\"ListItem\",\"position\":2,\"name\":\"About ERQ\",\"item\":\"https:\\\/\\\/energyregulationquarterly.ca\\\/about-erq\"},{\"@type\":\"ListItem\",\"position\":3,\"name\":\"ROSTER OF CONTRIBUTORS\"}]},{\"@type\":\"WebSite\",\"@id\":\"https:\\\/\\\/energyregulationquarterly.ca\\\/#website\",\"url\":\"https:\\\/\\\/energyregulationquarterly.ca\\\/\",\"name\":\"Publication trimestrielle sur la r\u00e8glementation de l\u2019\u00e9nergie\",\"description\":\"Un forum pour discuter et d\u00e9battre des questions touchant les industries r\u00e8glement\u00e9es du secteur de l\u2019\u00e9nergie.\",\"potentialAction\":[{\"@type\":\"SearchAction\",\"target\":{\"@type\":\"EntryPoint\",\"urlTemplate\":\"https:\\\/\\\/energyregulationquarterly.ca\\\/?s={search_term_string}\"},\"query-input\":{\"@type\":\"PropertyValueSpecification\",\"valueRequired\":true,\"valueName\":\"search_term_string\"}}],\"inLanguage\":\"fr-FR\"}]}<\/script>\n<!-- \/ Yoast SEO plugin. -->","yoast_head_json":{"title":"[:en]ROSTER OF CONTRIBUTORS[:fr]COLLABORATEURS[:] - Publication trimestrielle sur la r\u00e8glementation de l\u2019\u00e9nergie","robots":{"index":"index","follow":"follow","max-snippet":"max-snippet:-1","max-image-preview":"max-image-preview:large","max-video-preview":"max-video-preview:-1"},"canonical":"https:\/\/energyregulationquarterly.ca\/about-erq\/roster-of-contributors-2","og_locale":"fr_FR","og_type":"article","og_title":"[:en]ROSTER OF CONTRIBUTORS[:fr]COLLABORATEURS[:] - Publication trimestrielle sur la r\u00e8glementation de l\u2019\u00e9nergie","og_description":"Supporters L\u2019Honorable David M. Brown, BA, JD, LLM, Juge, Court d\u2019appel de l\u2019Ontario Rowland J. Harrison, c.r., LLB, LLM, Conseiller en r\u00e8glementation de l\u2019\u00e9nergie, Calgary Scott Hempling, BA, JD, Professeur adjoint, Georgetown University Law Center Mark A. Jamison, BSc, MSc, [&hellip;]","og_url":"https:\/\/energyregulationquarterly.ca\/about-erq\/roster-of-contributors-2","og_site_name":"Publication trimestrielle sur la r\u00e8glementation de l\u2019\u00e9nergie","article_modified_time":"2026-03-30T11:55:55+00:00","twitter_card":"summary_large_image","twitter_misc":{"Dur\u00e9e de lecture estim\u00e9e":"2 minutes","Written by":"cga editor"},"schema":{"@context":"https:\/\/schema.org","@graph":[{"@type":"WebPage","@id":"https:\/\/energyregulationquarterly.ca\/about-erq\/roster-of-contributors-2","url":"https:\/\/energyregulationquarterly.ca\/about-erq\/roster-of-contributors-2","name":"[:en]ROSTER OF CONTRIBUTORS[:fr]COLLABORATEURS[:] - Publication trimestrielle sur la r\u00e8glementation de l\u2019\u00e9nergie","isPartOf":{"@id":"https:\/\/energyregulationquarterly.ca\/#website"},"datePublished":"2013-11-14T21:34:54+00:00","dateModified":"2026-03-30T11:55:55+00:00","breadcrumb":{"@id":"https:\/\/energyregulationquarterly.ca\/about-erq\/roster-of-contributors-2#breadcrumb"},"inLanguage":"fr-FR","potentialAction":[{"@type":"ReadAction","target":["https:\/\/energyregulationquarterly.ca\/about-erq\/roster-of-contributors-2"]}]},{"@type":"BreadcrumbList","@id":"https:\/\/energyregulationquarterly.ca\/about-erq\/roster-of-contributors-2#breadcrumb","itemListElement":[{"@type":"ListItem","position":1,"name":"Home","item":"https:\/\/energyregulationquarterly.ca\/"},{"@type":"ListItem","position":2,"name":"About ERQ","item":"https:\/\/energyregulationquarterly.ca\/about-erq"},{"@type":"ListItem","position":3,"name":"ROSTER OF CONTRIBUTORS"}]},{"@type":"WebSite","@id":"https:\/\/energyregulationquarterly.ca\/#website","url":"https:\/\/energyregulationquarterly.ca\/","name":"Publication trimestrielle sur la r\u00e8glementation de l\u2019\u00e9nergie","description":"Un forum pour discuter et d\u00e9battre des questions touchant les industries r\u00e8glement\u00e9es du secteur de l\u2019\u00e9nergie.","potentialAction":[{"@type":"SearchAction","target":{"@type":"EntryPoint","urlTemplate":"https:\/\/energyregulationquarterly.ca\/?s={search_term_string}"},"query-input":{"@type":"PropertyValueSpecification","valueRequired":true,"valueName":"search_term_string"}}],"inLanguage":"fr-FR"}]}},"jetpack_sharing_enabled":true,"jetpack_shortlink":"https:\/\/wp.me\/P4ekrL-2a","_links":{"self":[{"href":"https:\/\/energyregulationquarterly.ca\/fr\/wp-json\/wp\/v2\/pages\/134","targetHints":{"allow":["GET"]}}],"collection":[{"href":"https:\/\/energyregulationquarterly.ca\/fr\/wp-json\/wp\/v2\/pages"}],"about":[{"href":"https:\/\/energyregulationquarterly.ca\/fr\/wp-json\/wp\/v2\/types\/page"}],"author":[{"embeddable":true,"href":"https:\/\/energyregulationquarterly.ca\/fr\/wp-json\/wp\/v2\/users\/8"}],"replies":[{"embeddable":true,"href":"https:\/\/energyregulationquarterly.ca\/fr\/wp-json\/wp\/v2\/comments?post=134"}],"version-history":[{"count":58,"href":"https:\/\/energyregulationquarterly.ca\/fr\/wp-json\/wp\/v2\/pages\/134\/revisions"}],"predecessor-version":[{"id":6707,"href":"https:\/\/energyregulationquarterly.ca\/fr\/wp-json\/wp\/v2\/pages\/134\/revisions\/6707"}],"up":[{"embeddable":true,"href":"https:\/\/energyregulationquarterly.ca\/fr\/wp-json\/wp\/v2\/pages\/10"}],"wp:attachment":[{"href":"https:\/\/energyregulationquarterly.ca\/fr\/wp-json\/wp\/v2\/media?parent=134"}],"wp:term":[{"taxonomy":"author","embeddable":true,"href":"https:\/\/energyregulationquarterly.ca\/fr\/wp-json\/wp\/v2\/coauthors?post=134"}],"curies":[{"name":"wp","href":"https:\/\/api.w.org\/{rel}","templated":true}]}}