{"id":132,"date":"2013-11-14T21:33:18","date_gmt":"2013-11-14T21:33:18","guid":{"rendered":"http:\/\/www.energyregulationquarterly.ca\/?page_id=132"},"modified":"2025-07-23T03:11:48","modified_gmt":"2025-07-23T03:11:48","slug":"managing-editors","status":"publish","type":"page","link":"https:\/\/energyregulationquarterly.ca\/fr\/about-erq\/managing-editors","title":{"rendered":"DIRECTEURS DE R\u00c9DACTION"},"content":{"rendered":"<p><\/p>\n<p class=\"p1\"><span class=\"s1\"><strong>Karen J. Taylor<\/strong>, B. Comm, MBA, CFA, ICD.D, Consultant, Toronto<\/span><\/p>\n<p class=\"p1\"><span class=\"s1\"><strong>Moin A. Yahya<\/strong>, BA, MA, PhD, JD, Professeur de droit, Universit\u00e9 de l\u2019Alberta<\/span><\/p>\n<p><\/p>","protected":false},"excerpt":{"rendered":"<p>Karen J. Taylor, B. Comm, MBA, CFA, ICD.D, Consultant, Toronto Moin A. Yahya, BA, MA, PhD, JD, Professeur de droit, Universit\u00e9 de l\u2019Alberta<\/p>\n","protected":false},"author":8,"featured_media":0,"parent":10,"menu_order":0,"comment_status":"open","ping_status":"open","template":"","meta":{"_acf_changed":false,"jetpack_post_was_ever_published":false,"footnotes":""},"coauthors":[286],"class_list":["post-132","page","type-page","status-publish","hentry"],"acf":[],"yoast_head":"<!-- This site is optimized with the Yoast SEO plugin v27.2 - https:\/\/yoast.com\/product\/yoast-seo-wordpress\/ -->\n<title>DIRECTEURS DE R\u00c9DACTION - Publication trimestrielle sur la r\u00e8glementation de l\u2019\u00e9nergie<\/title>\n<meta name=\"robots\" content=\"index, follow, max-snippet:-1, max-image-preview:large, max-video-preview:-1\" \/>\n<link rel=\"canonical\" href=\"https:\/\/energyregulationquarterly.ca\/about-erq\/managing-editors\" \/>\n<meta property=\"og:locale\" content=\"fr_FR\" \/>\n<meta property=\"og:type\" content=\"article\" \/>\n<meta property=\"og:title\" content=\"[:en]MANAGING EDITORS[:fr]DIRECTEURS DE R\u00c9DACTION[:] - Publication trimestrielle sur la r\u00e8glementation de l\u2019\u00e9nergie\" \/>\n<meta property=\"og:description\" content=\"Karen J. Taylor, B. Comm, MBA, CFA, ICD.D, Consultant, Toronto Moin A. Yahya, BA, MA, PhD, JD, Professeur de droit, Universit\u00e9 de l\u2019Alberta\" \/>\n<meta property=\"og:url\" content=\"https:\/\/energyregulationquarterly.ca\/about-erq\/managing-editors\" \/>\n<meta property=\"og:site_name\" content=\"Publication trimestrielle sur la r\u00e8glementation de l\u2019\u00e9nergie\" \/>\n<meta property=\"article:modified_time\" content=\"2025-07-23T03:11:48+00:00\" \/>\n<meta name=\"twitter:card\" content=\"summary_large_image\" \/>\n<meta name=\"twitter:label1\" content=\"Dur\u00e9e de lecture estim\u00e9e\" \/>\n\t<meta name=\"twitter:data1\" content=\"1 minute\" \/>\n\t<meta name=\"twitter:label2\" content=\"Written by\" \/>\n\t<meta name=\"twitter:data2\" content=\"cga editor\" \/>\n<script type=\"application\/ld+json\" class=\"yoast-schema-graph\">{\"@context\":\"https:\/\/schema.org\",\"@graph\":[{\"@type\":\"WebPage\",\"@id\":\"https:\/\/energyregulationquarterly.ca\/about-erq\/managing-editors\",\"url\":\"https:\/\/energyregulationquarterly.ca\/about-erq\/managing-editors\",\"name\":\"[:en]MANAGING EDITORS[:fr]DIRECTEURS DE R\u00c9DACTION[:] - Publication trimestrielle sur la r\u00e8glementation de l\u2019\u00e9nergie\",\"isPartOf\":{\"@id\":\"https:\/\/energyregulationquarterly.ca\/#website\"},\"datePublished\":\"2013-11-14T21:33:18+00:00\",\"dateModified\":\"2025-07-23T03:11:48+00:00\",\"breadcrumb\":{\"@id\":\"https:\/\/energyregulationquarterly.ca\/about-erq\/managing-editors#breadcrumb\"},\"inLanguage\":\"fr-FR\",\"potentialAction\":[{\"@type\":\"ReadAction\",\"target\":[\"https:\/\/energyregulationquarterly.ca\/about-erq\/managing-editors\"]}]},{\"@type\":\"BreadcrumbList\",\"@id\":\"https:\/\/energyregulationquarterly.ca\/about-erq\/managing-editors#breadcrumb\",\"itemListElement\":[{\"@type\":\"ListItem\",\"position\":1,\"name\":\"Home\",\"item\":\"https:\/\/energyregulationquarterly.ca\/\"},{\"@type\":\"ListItem\",\"position\":2,\"name\":\"About ERQ\",\"item\":\"https:\/\/energyregulationquarterly.ca\/about-erq\"},{\"@type\":\"ListItem\",\"position\":3,\"name\":\"MANAGING EDITORS\"}]},{\"@type\":\"WebSite\",\"@id\":\"https:\/\/energyregulationquarterly.ca\/#website\",\"url\":\"https:\/\/energyregulationquarterly.ca\/\",\"name\":\"Publication trimestrielle sur la r\u00e8glementation de l\u2019\u00e9nergie\",\"description\":\"Un forum pour discuter et d\u00e9battre des questions touchant les industries r\u00e8glement\u00e9es du secteur de l\u2019\u00e9nergie.\",\"potentialAction\":[{\"@type\":\"SearchAction\",\"target\":{\"@type\":\"EntryPoint\",\"urlTemplate\":\"https:\/\/energyregulationquarterly.ca\/?s={search_term_string}\"},\"query-input\":{\"@type\":\"PropertyValueSpecification\",\"valueRequired\":true,\"valueName\":\"search_term_string\"}}],\"inLanguage\":\"fr-FR\"}]}<\/script>\n<!-- \/ Yoast SEO plugin. -->","yoast_head_json":{"title":"[:en]MANAGING EDITORS[:fr]DIRECTEURS DE R\u00c9DACTION[:] - Publication trimestrielle sur la r\u00e8glementation de l\u2019\u00e9nergie","robots":{"index":"index","follow":"follow","max-snippet":"max-snippet:-1","max-image-preview":"max-image-preview:large","max-video-preview":"max-video-preview:-1"},"canonical":"https:\/\/energyregulationquarterly.ca\/about-erq\/managing-editors","og_locale":"fr_FR","og_type":"article","og_title":"[:en]MANAGING EDITORS[:fr]DIRECTEURS DE R\u00c9DACTION[:] - Publication trimestrielle sur la r\u00e8glementation de l\u2019\u00e9nergie","og_description":"Karen J. Taylor, B. Comm, MBA, CFA, ICD.D, Consultant, Toronto Moin A. Yahya, BA, MA, PhD, JD, Professeur de droit, Universit\u00e9 de l\u2019Alberta","og_url":"https:\/\/energyregulationquarterly.ca\/about-erq\/managing-editors","og_site_name":"Publication trimestrielle sur la r\u00e8glementation de l\u2019\u00e9nergie","article_modified_time":"2025-07-23T03:11:48+00:00","twitter_card":"summary_large_image","twitter_misc":{"Dur\u00e9e de lecture estim\u00e9e":"1 minute","Written by":"cga editor"},"schema":{"@context":"https:\/\/schema.org","@graph":[{"@type":"WebPage","@id":"https:\/\/energyregulationquarterly.ca\/about-erq\/managing-editors","url":"https:\/\/energyregulationquarterly.ca\/about-erq\/managing-editors","name":"[:en]MANAGING EDITORS[:fr]DIRECTEURS DE R\u00c9DACTION[:] - Publication trimestrielle sur la r\u00e8glementation de l\u2019\u00e9nergie","isPartOf":{"@id":"https:\/\/energyregulationquarterly.ca\/#website"},"datePublished":"2013-11-14T21:33:18+00:00","dateModified":"2025-07-23T03:11:48+00:00","breadcrumb":{"@id":"https:\/\/energyregulationquarterly.ca\/about-erq\/managing-editors#breadcrumb"},"inLanguage":"fr-FR","potentialAction":[{"@type":"ReadAction","target":["https:\/\/energyregulationquarterly.ca\/about-erq\/managing-editors"]}]},{"@type":"BreadcrumbList","@id":"https:\/\/energyregulationquarterly.ca\/about-erq\/managing-editors#breadcrumb","itemListElement":[{"@type":"ListItem","position":1,"name":"Home","item":"https:\/\/energyregulationquarterly.ca\/"},{"@type":"ListItem","position":2,"name":"About ERQ","item":"https:\/\/energyregulationquarterly.ca\/about-erq"},{"@type":"ListItem","position":3,"name":"MANAGING EDITORS"}]},{"@type":"WebSite","@id":"https:\/\/energyregulationquarterly.ca\/#website","url":"https:\/\/energyregulationquarterly.ca\/","name":"Publication trimestrielle sur la r\u00e8glementation de l\u2019\u00e9nergie","description":"Un forum pour discuter et d\u00e9battre des questions touchant les industries r\u00e8glement\u00e9es du secteur de l\u2019\u00e9nergie.","potentialAction":[{"@type":"SearchAction","target":{"@type":"EntryPoint","urlTemplate":"https:\/\/energyregulationquarterly.ca\/?s={search_term_string}"},"query-input":{"@type":"PropertyValueSpecification","valueRequired":true,"valueName":"search_term_string"}}],"inLanguage":"fr-FR"}]}},"jetpack_sharing_enabled":true,"jetpack_shortlink":"https:\/\/wp.me\/P4ekrL-28","_links":{"self":[{"href":"https:\/\/energyregulationquarterly.ca\/fr\/wp-json\/wp\/v2\/pages\/132","targetHints":{"allow":["GET"]}}],"collection":[{"href":"https:\/\/energyregulationquarterly.ca\/fr\/wp-json\/wp\/v2\/pages"}],"about":[{"href":"https:\/\/energyregulationquarterly.ca\/fr\/wp-json\/wp\/v2\/types\/page"}],"author":[{"embeddable":true,"href":"https:\/\/energyregulationquarterly.ca\/fr\/wp-json\/wp\/v2\/users\/8"}],"replies":[{"embeddable":true,"href":"https:\/\/energyregulationquarterly.ca\/fr\/wp-json\/wp\/v2\/comments?post=132"}],"version-history":[{"count":13,"href":"https:\/\/energyregulationquarterly.ca\/fr\/wp-json\/wp\/v2\/pages\/132\/revisions"}],"predecessor-version":[{"id":5945,"href":"https:\/\/energyregulationquarterly.ca\/fr\/wp-json\/wp\/v2\/pages\/132\/revisions\/5945"}],"up":[{"embeddable":true,"href":"https:\/\/energyregulationquarterly.ca\/fr\/wp-json\/wp\/v2\/pages\/10"}],"wp:attachment":[{"href":"https:\/\/energyregulationquarterly.ca\/fr\/wp-json\/wp\/v2\/media?parent=132"}],"wp:term":[{"taxonomy":"author","embeddable":true,"href":"https:\/\/energyregulationquarterly.ca\/fr\/wp-json\/wp\/v2\/coauthors?post=132"}],"curies":[{"name":"wp","href":"https:\/\/api.w.org\/{rel}","templated":true}]}}