{"id":130,"date":"2013-11-14T21:30:47","date_gmt":"2013-11-14T21:30:47","guid":{"rendered":"http:\/\/www.energyregulationquarterly.ca\/?page_id=130"},"modified":"2020-04-29T19:34:53","modified_gmt":"2020-04-29T19:34:53","slug":"editorial-policy","status":"publish","type":"page","link":"https:\/\/energyregulationquarterly.ca\/fr\/about-erq\/editorial-policy","title":{"rendered":"POLITIQUE R\u00c9DACTIONELLE"},"content":{"rendered":"<p>Cette publication trimestrielle est publi\u00e9e en ligne par l\u2019Association canadienne du gaz (ACG) dans le but de favoriser une meilleure compr\u00e9hension des questions et des tendances en mati\u00e8re de r\u00e9glementation dans le secteur de l\u2019\u00e9nergie au Canada.<\/p>\n<p>Les directeurs de la r\u00e9daction travailleront avec l\u2019ACG pour d\u00e9terminer des th\u00e8mes et des sujets pour chaque publication, r\u00e9digeront des textes \u00e9ditoriaux, s\u00e9lectionneront des collaborateurs et r\u00e9viseront leurs articles pour s\u2019assurer de l\u2019uniformit\u00e9 du style et de la qualit\u00e9. Les directeurs de la r\u00e9daction se r\u00e9servent la responsabilit\u00e9 de s\u00e9lectionner les sujets \u00e0 publier.<\/p>\n<p>L\u2019\u00e9quipe de cette publication trimestrielle conservera une \u00ab liste \u00bb de collaborateurs qui seront appel\u00e9s \u00e0 pr\u00eater leur nom et leur collaboration \u00e0 cette publication. Les personnes apparaissant sur la liste peuvent \u00eatre invit\u00e9es par les directeurs de la r\u00e9daction \u00e0 \u00e9crire des articles sur des th\u00e8mes particuliers ou peuvent proposer leur collaboration selon leur propre initiative. De temps \u00e0 autre, d\u2019autres personnes peuvent \u00e9galement \u00eatre invit\u00e9es \u00e0 r\u00e9diger des articles.<\/p>\n<p>Le contenu de fond des articles individuels est \u00e0 l\u2019unique responsabilit\u00e9 des collaborateurs. Certains collaborateurs peuvent avoir repr\u00e9sent\u00e9 des parties ou encore y avoir \u00e9t\u00e9 associ\u00e9s dans un dossier sur lequel ils formulent un commentaire. Le cas \u00e9ch\u00e9ant, une note de bas de page sera ajout\u00e9e par les r\u00e9dacteurs \u00e0 cet effet.<\/p>\n<p>Outre la publication trimestrielle sur la r\u00e9glementation de l\u2019\u00e9nergie, des commentaires ou des hyperliens vers des d\u00e9veloppements actuels peuvent \u00eatre publi\u00e9s sur le site Web de temps \u00e0 autre, en particulier en temps opportun.<\/p>\n<p>Par souci d\u2019offrir une tribune pour des d\u00e9bats et des discussions, l\u2019\u00e9quipe de cette publication trimestrielle invite les lecteurs \u00e0 \u00e9mettre leurs commentaires sur les articles publi\u00e9s et invite \u00e9galement les collaborateurs \u00e0 r\u00e9agir, le cas \u00e9ch\u00e9ant. Les commentaires et les r\u00e9actions seront publi\u00e9s sur le site Web de la publication trimestrielle sur la r\u00e9glementation de l\u2019\u00e9nergie (www.energyregulationquarterly.ca).<\/p>","protected":false},"excerpt":{"rendered":"<p>Cette publication trimestrielle est publi\u00e9e en ligne par l\u2019Association canadienne du gaz (ACG) dans le but de favoriser une meilleure compr\u00e9hension des questions et des tendances en mati\u00e8re de r\u00e9glementation dans le secteur de l\u2019\u00e9nergie au Canada. Les directeurs de [&hellip;]<\/p>\n","protected":false},"author":8,"featured_media":0,"parent":10,"menu_order":0,"comment_status":"open","ping_status":"open","template":"","meta":{"_acf_changed":false,"jetpack_post_was_ever_published":false,"footnotes":""},"coauthors":[105,286],"class_list":["post-130","page","type-page","status-publish","hentry"],"acf":[],"yoast_head":"<!-- This site is optimized with the Yoast SEO plugin v27.4 - https:\/\/yoast.com\/product\/yoast-seo-wordpress\/ -->\n<title>POLITIQUE R\u00c9DACTIONELLE - Publication trimestrielle sur la r\u00e8glementation de l\u2019\u00e9nergie<\/title>\n<meta name=\"robots\" content=\"index, follow, max-snippet:-1, max-image-preview:large, max-video-preview:-1\" \/>\n<link rel=\"canonical\" href=\"https:\/\/energyregulationquarterly.ca\/about-erq\/editorial-policy\" \/>\n<meta property=\"og:locale\" content=\"fr_FR\" \/>\n<meta property=\"og:type\" content=\"article\" \/>\n<meta property=\"og:title\" content=\"[:en]EDITORIAL POLICY[:fr]POLITIQUE R\u00c9DACTIONELLE[:] - Publication trimestrielle sur la r\u00e8glementation de l\u2019\u00e9nergie\" \/>\n<meta property=\"og:description\" content=\"Cette publication trimestrielle est publi\u00e9e en ligne par l\u2019Association canadienne du gaz (ACG) dans le but de favoriser une meilleure compr\u00e9hension des questions et des tendances en mati\u00e8re de r\u00e9glementation dans le secteur de l\u2019\u00e9nergie au Canada. Les directeurs de [&hellip;]\" \/>\n<meta property=\"og:url\" content=\"https:\/\/energyregulationquarterly.ca\/about-erq\/editorial-policy\" \/>\n<meta property=\"og:site_name\" content=\"Publication trimestrielle sur la r\u00e8glementation de l\u2019\u00e9nergie\" \/>\n<meta property=\"article:modified_time\" content=\"2020-04-29T19:34:53+00:00\" \/>\n<meta name=\"twitter:card\" content=\"summary_large_image\" \/>\n<meta name=\"twitter:label1\" content=\"Dur\u00e9e de lecture estim\u00e9e\" \/>\n\t<meta name=\"twitter:data1\" content=\"3 minutes\" \/>\n\t<meta name=\"twitter:label2\" content=\"Written by\" \/>\n\t<meta name=\"twitter:data2\" content=\"cga editor\" \/>\n<script type=\"application\/ld+json\" class=\"yoast-schema-graph\">{\"@context\":\"https:\\\/\\\/schema.org\",\"@graph\":[{\"@type\":\"WebPage\",\"@id\":\"https:\\\/\\\/energyregulationquarterly.ca\\\/about-erq\\\/editorial-policy\",\"url\":\"https:\\\/\\\/energyregulationquarterly.ca\\\/about-erq\\\/editorial-policy\",\"name\":\"[:en]EDITORIAL POLICY[:fr]POLITIQUE R\u00c9DACTIONELLE[:] - Publication trimestrielle sur la r\u00e8glementation de l\u2019\u00e9nergie\",\"isPartOf\":{\"@id\":\"https:\\\/\\\/energyregulationquarterly.ca\\\/#website\"},\"datePublished\":\"2013-11-14T21:30:47+00:00\",\"dateModified\":\"2020-04-29T19:34:53+00:00\",\"breadcrumb\":{\"@id\":\"https:\\\/\\\/energyregulationquarterly.ca\\\/about-erq\\\/editorial-policy#breadcrumb\"},\"inLanguage\":\"fr-FR\",\"potentialAction\":[{\"@type\":\"ReadAction\",\"target\":[\"https:\\\/\\\/energyregulationquarterly.ca\\\/about-erq\\\/editorial-policy\"]}]},{\"@type\":\"BreadcrumbList\",\"@id\":\"https:\\\/\\\/energyregulationquarterly.ca\\\/about-erq\\\/editorial-policy#breadcrumb\",\"itemListElement\":[{\"@type\":\"ListItem\",\"position\":1,\"name\":\"Home\",\"item\":\"https:\\\/\\\/energyregulationquarterly.ca\\\/\"},{\"@type\":\"ListItem\",\"position\":2,\"name\":\"About ERQ\",\"item\":\"https:\\\/\\\/energyregulationquarterly.ca\\\/about-erq\"},{\"@type\":\"ListItem\",\"position\":3,\"name\":\"EDITORIAL POLICY\"}]},{\"@type\":\"WebSite\",\"@id\":\"https:\\\/\\\/energyregulationquarterly.ca\\\/#website\",\"url\":\"https:\\\/\\\/energyregulationquarterly.ca\\\/\",\"name\":\"Publication trimestrielle sur la r\u00e8glementation de l\u2019\u00e9nergie\",\"description\":\"Un forum pour discuter et d\u00e9battre des questions touchant les industries r\u00e8glement\u00e9es du secteur de l\u2019\u00e9nergie.\",\"potentialAction\":[{\"@type\":\"SearchAction\",\"target\":{\"@type\":\"EntryPoint\",\"urlTemplate\":\"https:\\\/\\\/energyregulationquarterly.ca\\\/?s={search_term_string}\"},\"query-input\":{\"@type\":\"PropertyValueSpecification\",\"valueRequired\":true,\"valueName\":\"search_term_string\"}}],\"inLanguage\":\"fr-FR\"}]}<\/script>\n<!-- \/ Yoast SEO plugin. -->","yoast_head_json":{"title":"[:en]EDITORIAL POLICY[:fr]POLITIQUE R\u00c9DACTIONELLE[:] - Publication trimestrielle sur la r\u00e8glementation de l\u2019\u00e9nergie","robots":{"index":"index","follow":"follow","max-snippet":"max-snippet:-1","max-image-preview":"max-image-preview:large","max-video-preview":"max-video-preview:-1"},"canonical":"https:\/\/energyregulationquarterly.ca\/about-erq\/editorial-policy","og_locale":"fr_FR","og_type":"article","og_title":"[:en]EDITORIAL POLICY[:fr]POLITIQUE R\u00c9DACTIONELLE[:] - Publication trimestrielle sur la r\u00e8glementation de l\u2019\u00e9nergie","og_description":"Cette publication trimestrielle est publi\u00e9e en ligne par l\u2019Association canadienne du gaz (ACG) dans le but de favoriser une meilleure compr\u00e9hension des questions et des tendances en mati\u00e8re de r\u00e9glementation dans le secteur de l\u2019\u00e9nergie au Canada. Les directeurs de [&hellip;]","og_url":"https:\/\/energyregulationquarterly.ca\/about-erq\/editorial-policy","og_site_name":"Publication trimestrielle sur la r\u00e8glementation de l\u2019\u00e9nergie","article_modified_time":"2020-04-29T19:34:53+00:00","twitter_card":"summary_large_image","twitter_misc":{"Dur\u00e9e de lecture estim\u00e9e":"3 minutes","Written by":"cga editor"},"schema":{"@context":"https:\/\/schema.org","@graph":[{"@type":"WebPage","@id":"https:\/\/energyregulationquarterly.ca\/about-erq\/editorial-policy","url":"https:\/\/energyregulationquarterly.ca\/about-erq\/editorial-policy","name":"[:en]EDITORIAL POLICY[:fr]POLITIQUE R\u00c9DACTIONELLE[:] - Publication trimestrielle sur la r\u00e8glementation de l\u2019\u00e9nergie","isPartOf":{"@id":"https:\/\/energyregulationquarterly.ca\/#website"},"datePublished":"2013-11-14T21:30:47+00:00","dateModified":"2020-04-29T19:34:53+00:00","breadcrumb":{"@id":"https:\/\/energyregulationquarterly.ca\/about-erq\/editorial-policy#breadcrumb"},"inLanguage":"fr-FR","potentialAction":[{"@type":"ReadAction","target":["https:\/\/energyregulationquarterly.ca\/about-erq\/editorial-policy"]}]},{"@type":"BreadcrumbList","@id":"https:\/\/energyregulationquarterly.ca\/about-erq\/editorial-policy#breadcrumb","itemListElement":[{"@type":"ListItem","position":1,"name":"Home","item":"https:\/\/energyregulationquarterly.ca\/"},{"@type":"ListItem","position":2,"name":"About ERQ","item":"https:\/\/energyregulationquarterly.ca\/about-erq"},{"@type":"ListItem","position":3,"name":"EDITORIAL POLICY"}]},{"@type":"WebSite","@id":"https:\/\/energyregulationquarterly.ca\/#website","url":"https:\/\/energyregulationquarterly.ca\/","name":"Publication trimestrielle sur la r\u00e8glementation de l\u2019\u00e9nergie","description":"Un forum pour discuter et d\u00e9battre des questions touchant les industries r\u00e8glement\u00e9es du secteur de l\u2019\u00e9nergie.","potentialAction":[{"@type":"SearchAction","target":{"@type":"EntryPoint","urlTemplate":"https:\/\/energyregulationquarterly.ca\/?s={search_term_string}"},"query-input":{"@type":"PropertyValueSpecification","valueRequired":true,"valueName":"search_term_string"}}],"inLanguage":"fr-FR"}]}},"jetpack_sharing_enabled":true,"jetpack_shortlink":"https:\/\/wp.me\/P4ekrL-26","_links":{"self":[{"href":"https:\/\/energyregulationquarterly.ca\/fr\/wp-json\/wp\/v2\/pages\/130","targetHints":{"allow":["GET"]}}],"collection":[{"href":"https:\/\/energyregulationquarterly.ca\/fr\/wp-json\/wp\/v2\/pages"}],"about":[{"href":"https:\/\/energyregulationquarterly.ca\/fr\/wp-json\/wp\/v2\/types\/page"}],"author":[{"embeddable":true,"href":"https:\/\/energyregulationquarterly.ca\/fr\/wp-json\/wp\/v2\/users\/8"}],"replies":[{"embeddable":true,"href":"https:\/\/energyregulationquarterly.ca\/fr\/wp-json\/wp\/v2\/comments?post=130"}],"version-history":[{"count":5,"href":"https:\/\/energyregulationquarterly.ca\/fr\/wp-json\/wp\/v2\/pages\/130\/revisions"}],"predecessor-version":[{"id":2909,"href":"https:\/\/energyregulationquarterly.ca\/fr\/wp-json\/wp\/v2\/pages\/130\/revisions\/2909"}],"up":[{"embeddable":true,"href":"https:\/\/energyregulationquarterly.ca\/fr\/wp-json\/wp\/v2\/pages\/10"}],"wp:attachment":[{"href":"https:\/\/energyregulationquarterly.ca\/fr\/wp-json\/wp\/v2\/media?parent=130"}],"wp:term":[{"taxonomy":"author","embeddable":true,"href":"https:\/\/energyregulationquarterly.ca\/fr\/wp-json\/wp\/v2\/coauthors?post=130"}],"curies":[{"name":"wp","href":"https:\/\/api.w.org\/{rel}","templated":true}]}}